{"id":259,"date":"2024-09-12T09:42:46","date_gmt":"2024-09-12T09:42:46","guid":{"rendered":"https:\/\/schule-sandkruger-strasse.de\/?page_id=259"},"modified":"2024-11-04T08:17:49","modified_gmt":"2024-11-04T08:17:49","slug":"aktuelles","status":"publish","type":"page","link":"https:\/\/schule-sandkruger-strasse.de\/willkommen-2\/aktuelles\/","title":{"rendered":""},"content":{"rendered":"\n<h1 class=\"wp-block-heading has-text-align-center\">Aktuelles<\/h1>\n\n\n\n<div class=\"wp-block-columns is-layout-flex wp-container-core-columns-is-layout-9d6595d7 wp-block-columns-is-layout-flex\">\n<div class=\"wp-block-column is-layout-flow wp-block-column-is-layout-flow\" style=\"flex-basis:100%\"><style>.wp-block-kadence-spacer.kt-block-spacer-259_d7dbf6-db .kt-block-spacer{height:20px;}.wp-block-kadence-spacer.kt-block-spacer-259_d7dbf6-db .kt-divider{border-top-width:1px;height:1px;border-top-color:#eee;width:80%;border-top-style:solid;}<\/style>\n<div class=\"wp-block-kadence-spacer aligncenter kt-block-spacer-259_d7dbf6-db\"><div class=\"kt-block-spacer kt-block-spacer-halign-center\"><hr class=\"kt-divider\"\/><\/div><\/div>\n\n\n\n<div class=\"wp-block-group\"><div class=\"wp-block-group__inner-container is-layout-constrained wp-block-group-is-layout-constrained\"><style>.kb-posts-id-259_00dcb8-af .entry.loop-entry .entry-header .entry-title{font-size:var(--global-kb-font-size-lg, 2rem);}.kb-posts-id-259_00dcb8-af .kb-post-list-item{display:grid;}<\/style><ul class=\"wp-block-kadence-posts kb-posts kadence-posts-list kb-posts-id-259_00dcb8-af content-wrap grid-cols kb-posts-style-boxed grid-sm-col-2 grid-lg-col-3 item-image-style-above  ticss-0a00dcb8\"><li class=\"kb-post-list-item\">\n\t<article class=\"entry content-bg loop-entry post-493 post type-post status-publish format-standard has-post-thumbnail hentry category-aktuelles\">\n\t\t\t\t<a aria-hidden=\"true\" tabindex=\"-1\" role=\"presentation\" class=\"post-thumbnail kadence-thumbnail-ratio-2-3\" href=\"https:\/\/schule-sandkruger-strasse.de\/willkommen-2\/laternenfest-st-martinsfest\/\" aria-label=\"Laternenfest \/ St. Martinsfest\">\n\t\t\t<div class=\"post-thumbnail-inner\">\n\t\t\t\t<img loading=\"lazy\" decoding=\"async\" width=\"768\" height=\"1024\" src=\"https:\/\/schule-sandkruger-strasse.de\/wp-content\/uploads\/2024\/11\/a-glowing-candle-lantern-held-up-against-a-rainy-night-backdrop-creating-a-moody-ambiance.-2383307-768x1024.jpg\" class=\"attachment-medium_large size-medium_large wp-post-image\" alt=\"A glowing candle lantern held up against a rainy night backdrop, creating a moody ambiance.\" srcset=\"https:\/\/schule-sandkruger-strasse.de\/wp-content\/uploads\/2024\/11\/a-glowing-candle-lantern-held-up-against-a-rainy-night-backdrop-creating-a-moody-ambiance.-2383307-768x1024.jpg 768w, https:\/\/schule-sandkruger-strasse.de\/wp-content\/uploads\/2024\/11\/a-glowing-candle-lantern-held-up-against-a-rainy-night-backdrop-creating-a-moody-ambiance.-2383307-225x300.jpg 225w, https:\/\/schule-sandkruger-strasse.de\/wp-content\/uploads\/2024\/11\/a-glowing-candle-lantern-held-up-against-a-rainy-night-backdrop-creating-a-moody-ambiance.-2383307-1152x1536.jpg 1152w, https:\/\/schule-sandkruger-strasse.de\/wp-content\/uploads\/2024\/11\/a-glowing-candle-lantern-held-up-against-a-rainy-night-backdrop-creating-a-moody-ambiance.-2383307-1536x2048.jpg 1536w, https:\/\/schule-sandkruger-strasse.de\/wp-content\/uploads\/2024\/11\/a-glowing-candle-lantern-held-up-against-a-rainy-night-backdrop-creating-a-moody-ambiance.-2383307-scaled.jpg 1920w\" sizes=\"auto, (max-width: 768px) 100vw, 768px\" \/>\t\t\t<\/div>\n\t\t<\/a><!-- .post-thumbnail -->\n\t\t\t\t<div class=\"entry-content-wrap\">\n\t\t\t<header class=\"entry-header\">\n\t<h4 class=\"entry-title\"><a href=\"https:\/\/schule-sandkruger-strasse.de\/willkommen-2\/laternenfest-st-martinsfest\/\" rel=\"bookmark\">Laternenfest \/ St. Martinsfest<\/a><\/h4>\t<div class=\"entry-meta entry-meta-divider-dot\">\n\t<span class=\"posted-by\"><span class=\"meta-label\">Von<\/span><span class=\"author vcard\"><span class=\"fn n\">Mex<\/span><\/span><\/span>\t\t\t<span class=\"posted-on\">\n\t\t\t\t<time class=\"entry-date published\" datetime=\"2024-11-11T08:16:35+00:00\">November 11, 2024<\/time><time class=\"updated\" datetime=\"2024-11-11T08:16:36+00:00\">November 11, 2024<\/time>\t\t\t<\/span>\n\t\t\t\t<\/div><!-- .entry-meta -->\n\t<\/header><!-- .entry-header -->\n\t<div class=\"entry-summary\">\n\t\t<p>Am Donnerstag, den 14.11.24 findet unser Laternenfest \/ St. Martinsfest statt. Kommt bitte um 17 h und bringt einen Laternenstab mit. Wer sich angemeldet hat kann sich mit Punsch und W\u00fcrstchen versorgen.<\/p>\n\t<\/div><!-- .entry-summary -->\n\t<footer class=\"entry-footer\">\n\t\t\t<div class=\"entry-actions\">\n\t\t\t<p class=\"more-link-wrap\">\n\t\t\t\t<a href=\"https:\/\/schule-sandkruger-strasse.de\/willkommen-2\/laternenfest-st-martinsfest\/\" class=\"post-more-link\">\n\t\t\t\t\tWeiterlesen<span class=\"screen-reader-text\"> Laternenfest \/ St. Martinsfest<\/span><span class=\"kadence-svg-iconset svg-baseline\"><svg aria-hidden=\"true\" class=\"kadence-svg-icon kadence-arrow-right-alt-svg\" fill=\"currentColor\" version=\"1.1\" xmlns=\"http:\/\/www.w3.org\/2000\/svg\" width=\"27\" height=\"28\" viewBox=\"0 0 27 28\"><title>Fortfahren<\/title><path d=\"M27 13.953c0 0.141-0.063 0.281-0.156 0.375l-6 5.531c-0.156 0.141-0.359 0.172-0.547 0.094-0.172-0.078-0.297-0.25-0.297-0.453v-3.5h-19.5c-0.281 0-0.5-0.219-0.5-0.5v-3c0-0.281 0.219-0.5 0.5-0.5h19.5v-3.5c0-0.203 0.109-0.375 0.297-0.453s0.391-0.047 0.547 0.078l6 5.469c0.094 0.094 0.156 0.219 0.156 0.359v0z\"><\/path>\n\t\t\t<\/svg><\/span>\t\t\t\t<\/a>\n\t\t\t<\/p>\n\t\t<\/div><!-- .entry-actions -->\n\t\t<\/footer><!-- .entry-footer -->\t\t<\/div>\n\t<\/article>\n<\/li>\n<li class=\"kb-post-list-item\">\n\t<article class=\"entry content-bg loop-entry post-485 post type-post status-publish format-standard hentry category-aktuelles\">\n\t\t\t\t<div class=\"entry-content-wrap\">\n\t\t\t<header class=\"entry-header\">\n\t<h4 class=\"entry-title\"><a href=\"https:\/\/schule-sandkruger-strasse.de\/willkommen-2\/wichtiger-hinweis\/\" rel=\"bookmark\">Wichtiger Hinweis:<\/a><\/h4>\t<div class=\"entry-meta entry-meta-divider-dot\">\n\t<span class=\"posted-by\"><span class=\"meta-label\">Von<\/span><span class=\"author vcard\"><span class=\"fn n\">Mex<\/span><\/span><\/span>\t\t\t<span class=\"posted-on\">\n\t\t\t\t<time class=\"entry-date published\" datetime=\"2024-11-11T08:01:39+00:00\">November 11, 2024<\/time><time class=\"updated\" datetime=\"2024-11-11T08:01:41+00:00\">November 11, 2024<\/time>\t\t\t<\/span>\n\t\t\t\t<\/div><!-- .entry-meta -->\n\t<\/header><!-- .entry-header -->\n\t<div class=\"entry-summary\">\n\t\t<p>Unsere Website befindet sich derzeit in der Testphase. Wir arbeiten intensiv daran, alle Funktionen zu optimieren, um Ihnen ein noch besseres Nutzererlebnis zu bieten. Einige Bereiche der Seite k\u00f6nnten vor\u00fcbergehend nicht verf\u00fcgbar sein oder kleinere Anpassungen erfahren. Vielen Dank f\u00fcr Ihr Verst\u00e4ndnis und Ihre Geduld!<\/p>\n\t<\/div><!-- .entry-summary -->\n\t<footer class=\"entry-footer\">\n\t\t\t<div class=\"entry-actions\">\n\t\t\t<p class=\"more-link-wrap\">\n\t\t\t\t<a href=\"https:\/\/schule-sandkruger-strasse.de\/willkommen-2\/wichtiger-hinweis\/\" class=\"post-more-link\">\n\t\t\t\t\tWeiterlesen<span class=\"screen-reader-text\"> Wichtiger Hinweis:<\/span><span class=\"kadence-svg-iconset svg-baseline\"><svg aria-hidden=\"true\" class=\"kadence-svg-icon kadence-arrow-right-alt-svg\" fill=\"currentColor\" version=\"1.1\" xmlns=\"http:\/\/www.w3.org\/2000\/svg\" width=\"27\" height=\"28\" viewBox=\"0 0 27 28\"><title>Fortfahren<\/title><path d=\"M27 13.953c0 0.141-0.063 0.281-0.156 0.375l-6 5.531c-0.156 0.141-0.359 0.172-0.547 0.094-0.172-0.078-0.297-0.25-0.297-0.453v-3.5h-19.5c-0.281 0-0.5-0.219-0.5-0.5v-3c0-0.281 0.219-0.5 0.5-0.5h19.5v-3.5c0-0.203 0.109-0.375 0.297-0.453s0.391-0.047 0.547 0.078l6 5.469c0.094 0.094 0.156 0.219 0.156 0.359v0z\"><\/path>\n\t\t\t<\/svg><\/span>\t\t\t\t<\/a>\n\t\t\t<\/p>\n\t\t<\/div><!-- .entry-actions -->\n\t\t<\/footer><!-- .entry-footer -->\t\t<\/div>\n\t<\/article>\n<\/li>\n<\/ul><\/div><\/div>\n<\/div>\n<\/div>\n\n\n<style>.wp-block-kadence-spacer.kt-block-spacer-259_ff0dc1-96 .kt-block-spacer{height:60px;}.wp-block-kadence-spacer.kt-block-spacer-259_ff0dc1-96 .kt-divider{border-top-width:1px;height:1px;border-top-color:#eee;width:80%;border-top-style:solid;}<\/style>\n<div class=\"wp-block-kadence-spacer aligncenter kt-block-spacer-259_ff0dc1-96\"><div class=\"kt-block-spacer kt-block-spacer-halign-center\"><hr class=\"kt-divider\"\/><\/div><\/div>\n\n\n\n<p><\/p>\n","protected":false},"excerpt":{"rendered":"<p>Aktuelles<\/p>\n","protected":false},"author":1,"featured_media":267,"parent":0,"menu_order":0,"comment_status":"closed","ping_status":"closed","template":"","meta":{"neve_meta_sidebar":"","neve_meta_container":"","neve_meta_enable_content_width":"","neve_meta_content_width":0,"neve_meta_title_alignment":"","neve_meta_author_avatar":"","neve_post_elements_order":"","neve_meta_disable_header":"","neve_meta_disable_footer":"","neve_meta_disable_title":"","_themeisle_gutenberg_block_has_review":false,"footnotes":""},"class_list":["post-259","page","type-page","status-publish","has-post-thumbnail","hentry"],"_links":{"self":[{"href":"https:\/\/schule-sandkruger-strasse.de\/willkommen-2\/wp-json\/wp\/v2\/pages\/259","targetHints":{"allow":["GET"]}}],"collection":[{"href":"https:\/\/schule-sandkruger-strasse.de\/willkommen-2\/wp-json\/wp\/v2\/pages"}],"about":[{"href":"https:\/\/schule-sandkruger-strasse.de\/willkommen-2\/wp-json\/wp\/v2\/types\/page"}],"author":[{"embeddable":true,"href":"https:\/\/schule-sandkruger-strasse.de\/willkommen-2\/wp-json\/wp\/v2\/users\/1"}],"replies":[{"embeddable":true,"href":"https:\/\/schule-sandkruger-strasse.de\/willkommen-2\/wp-json\/wp\/v2\/comments?post=259"}],"version-history":[{"count":14,"href":"https:\/\/schule-sandkruger-strasse.de\/willkommen-2\/wp-json\/wp\/v2\/pages\/259\/revisions"}],"predecessor-version":[{"id":476,"href":"https:\/\/schule-sandkruger-strasse.de\/willkommen-2\/wp-json\/wp\/v2\/pages\/259\/revisions\/476"}],"wp:featuredmedia":[{"embeddable":true,"href":"https:\/\/schule-sandkruger-strasse.de\/willkommen-2\/wp-json\/wp\/v2\/media\/267"}],"wp:attachment":[{"href":"https:\/\/schule-sandkruger-strasse.de\/willkommen-2\/wp-json\/wp\/v2\/media?parent=259"}],"curies":[{"name":"wp","href":"https:\/\/api.w.org\/{rel}","templated":true}]}}