{"id":291,"date":"2024-09-20T17:47:25","date_gmt":"2024-09-20T17:47:25","guid":{"rendered":"https:\/\/schule-sandkruger-strasse.de\/?page_id=291"},"modified":"2025-01-27T07:44:58","modified_gmt":"2025-01-27T07:44:58","slug":"kontakt","status":"publish","type":"page","link":"https:\/\/schule-sandkruger-strasse.de\/willkommen-2\/kontakt\/","title":{"rendered":""},"content":{"rendered":"\n<h2 class=\"wp-block-heading has-text-align-center\">Kontakt<\/h2>\n\n\n\n<p>Gerne beg\u00fc\u00dfen wir Sie f\u00fcr Gespr\u00e4che bei uns im Haus. Melden Sie sich doch vorab mit einem Terminwunsch per Telefon oder E-Mail bei uns.<\/p>\n\n\n\n<h3 class=\"wp-block-heading\"><strong>B\u00fcrozeiten<\/strong><\/h3>\n\n\n\n<p>Montag bis Donnerstag von <strong>8:00<\/strong> bis <strong>12:00<\/strong><br>\u00d6ffnungszeiten w\u00e4hrend der  Schulzeiten<\/p>\n\n\n\n<span style=\"font-weight:bold\">Telefon: <\/span><a href=\"tel:044121966880\" style=\"color:#4682B4\">0441 21966880 <\/a><span> \/ <\/span><a href=\"tel:017634485470\" style=\"color:#4682B4\"> 0176 34485470<\/a><p><\/p>\n\n\n\n<span style=\"font-weight:bold\">E-Mail: <\/span><a href=\"mailto:schule-sandkruger-strasse@web.de\" style=\"color:#4682B4\">schule-sandkruger-strasse@web.de <\/a>\n","protected":false},"excerpt":{"rendered":"<p>Kontakt Gerne beg\u00fc\u00dfen wir Sie f\u00fcr Gespr\u00e4che bei uns im Haus. Melden Sie sich doch vorab mit einem Terminwunsch per Telefon oder E-Mail bei uns. B\u00fcrozeiten Montag bis Donnerstag von 8:00 bis 12:00\u00d6ffnungszeiten w\u00e4hrend der Schulzeiten Telefon: 0441 21966880 \/ 0176 34485470 E-Mail: schule-sandkruger-strasse@web.de<\/p>\n","protected":false},"author":2,"featured_media":299,"parent":0,"menu_order":0,"comment_status":"closed","ping_status":"closed","template":"","meta":{"neve_meta_sidebar":"","neve_meta_container":"","neve_meta_enable_content_width":"","neve_meta_content_width":0,"neve_meta_title_alignment":"","neve_meta_author_avatar":"","neve_post_elements_order":"","neve_meta_disable_header":"","neve_meta_disable_footer":"","neve_meta_disable_title":"","_themeisle_gutenberg_block_has_review":false,"footnotes":""},"class_list":["post-291","page","type-page","status-publish","has-post-thumbnail","hentry"],"_links":{"self":[{"href":"https:\/\/schule-sandkruger-strasse.de\/willkommen-2\/wp-json\/wp\/v2\/pages\/291","targetHints":{"allow":["GET"]}}],"collection":[{"href":"https:\/\/schule-sandkruger-strasse.de\/willkommen-2\/wp-json\/wp\/v2\/pages"}],"about":[{"href":"https:\/\/schule-sandkruger-strasse.de\/willkommen-2\/wp-json\/wp\/v2\/types\/page"}],"author":[{"embeddable":true,"href":"https:\/\/schule-sandkruger-strasse.de\/willkommen-2\/wp-json\/wp\/v2\/users\/2"}],"replies":[{"embeddable":true,"href":"https:\/\/schule-sandkruger-strasse.de\/willkommen-2\/wp-json\/wp\/v2\/comments?post=291"}],"version-history":[{"count":39,"href":"https:\/\/schule-sandkruger-strasse.de\/willkommen-2\/wp-json\/wp\/v2\/pages\/291\/revisions"}],"predecessor-version":[{"id":768,"href":"https:\/\/schule-sandkruger-strasse.de\/willkommen-2\/wp-json\/wp\/v2\/pages\/291\/revisions\/768"}],"wp:featuredmedia":[{"embeddable":true,"href":"https:\/\/schule-sandkruger-strasse.de\/willkommen-2\/wp-json\/wp\/v2\/media\/299"}],"wp:attachment":[{"href":"https:\/\/schule-sandkruger-strasse.de\/willkommen-2\/wp-json\/wp\/v2\/media?parent=291"}],"curies":[{"name":"wp","href":"https:\/\/api.w.org\/{rel}","templated":true}]}}