{"id":506,"date":"2024-11-18T07:29:45","date_gmt":"2024-11-18T07:29:45","guid":{"rendered":"https:\/\/schule-sandkruger-strasse.de\/?page_id=506"},"modified":"2025-03-13T10:22:52","modified_gmt":"2025-03-13T10:22:52","slug":"506-2","status":"publish","type":"page","link":"https:\/\/schule-sandkruger-strasse.de\/willkommen-2\/506-2\/","title":{"rendered":""},"content":{"rendered":"\n<h2 class=\"wp-block-heading\">Termin\u00fcbersicht<\/h2>\n\n\n\n<style>\n    .table {\n        display: grid;\n        grid-template-columns: repeat(2, 1fr);\n        gab: 0px;\n    }\n    .cell:nth-child(4n+3), .cell:nth-child(4n+4) {\n        background-color: #FFFFD9;\n    }\n    .cell {\n        border: 1px solid black;\n        width: 100%;\n        min-height: 30px;\n        display: flex;\n        justify-content: center;\n        align-items: center;\n    }\n<\/style>\n<div class=\"table\">\n    <div class=\"cell\">20.02 18:00<\/div>\n    <div class=\"cell\">Ggf. Gesamtkonferenz\/SER<\/div>\n\n    <div class=\"cell\">03.03<\/div>\n    <div class=\"cell\">KarnevalsKiKo<\/div>\n\n    <div class=\"cell\">20.03<\/div>\n    <div class=\"cell\">KiKo Kohlfahrt<\/div>\n\n    <div class=\"cell\">24.03 &#8211; 04.04<\/div>\n    <div class=\"cell\">WSK Praktikum<\/div>\n\n    <div class=\"cell\">07.04 &#8211; 19.04<\/div>\n    <div class=\"cell\">Osterferien<\/div>\n\n    <div class=\"cell\">30.04 &#8211; 02.05<\/div>\n    <div class=\"cell\">1. Mai und Br\u00fcckentag: Unterrichtsfrei<\/div>\n\n    <div class=\"cell\">15.05<\/div>\n    <div class=\"cell\">WSK Abschlussarbeit Mathe<\/div>\n\n    <div class=\"cell\">19.05<\/div>\n    <div class=\"cell\">WSK Abschlussarbeit Deutsch<\/div>\n\n    <div class=\"cell\">19.05 &#8211; 23.05<\/div>\n    <div class=\"cell\">Zirkusprojekt mit Zirkusfest f\u00fcr die Familie<\/div>\n\n    <div class=\"cell\">29.05 &#8211; 30.05<\/div>\n    <div class=\"cell\">Himmelsfahrt und Br\u00fcckentag: Unterrichtsfrei<\/div>\n\n    <div class=\"cell\">02.06 &#8211; 06.06<\/div>\n    <div class=\"cell\">Norderney Segelprojekt der MS<\/div>\n\n    <div class=\"cell\">05.06 + 06.06 + 11.06<\/div>\n    <div class=\"cell\">WSK M\u00fcndliche Pr\u00fcfung<\/div>\n\n    <div class=\"cell\">09.06 &#8211; 10.06<\/div>\n    <div class=\"cell\">Pfingsten: Unterrichtsfrei<\/div>\n\n    <div class=\"cell\">16.06 &#8211; 19.06<\/div>\n    <div class=\"cell\">Inselfahrt Wangerooge der GS<\/div>\n\n    <div class=\"cell\">12.06<\/div>\n    <div class=\"cell\">Sommerfest<\/div>\n\n    <div class=\"cell\">19.06<\/div>\n    <div class=\"cell\">Zeugniskonferenzen der GS <\/div>\n\n    <div class=\"cell\">01.07<\/div>\n    <div class=\"cell\">Individuelles Perspektivengespr\u00e4ch mit Zeugnis\u00fcbergabe, Eltern und Sch\u00fclerInnen: Unterrichtsfrei<\/div>\n\n    <div class=\"cell\">02.07<\/div>\n    <div class=\"cell\">Letzer Schultag: Unterricht bis 10:40<\/div>\n\n    <div class=\"cell\">03.07 &#8211; 13.08<\/div>\n    <div class=\"cell\">Sommerferien<\/div>\n\n    <div class=\"cell\">07.08 &#8211; 13.08<\/div>\n    <div class=\"cell\">Ggf. sozialp\u00e4dagogisches Ferienangebot<\/div>\n\n    <div class=\"cell\">14.08<\/div>\n    <div class=\"cell\">Erster Schultag Klassenleiterunterricht<\/div>\n\n    <div class=\"cell\">16.08<\/div>\n    <div class=\"cell\">Einschulung<\/div>\n\n    <div class=\"cell\">25.08<\/div>\n    <div class=\"cell\">Start des Ganztagangebotes<\/div>\n<\/div>\n\n\n\n<p><\/p>\n","protected":false},"excerpt":{"rendered":"<p>Termin\u00fcbersicht 20.02 18:00 Ggf. Gesamtkonferenz\/SER 03.03 KarnevalsKiKo 20.03 KiKo Kohlfahrt 24.03 &#8211; 04.04 WSK Praktikum 07.04 &#8211; 19.04 Osterferien 30.04 &#8211; 02.05 1. Mai und Br\u00fcckentag: Unterrichtsfrei 15.05 WSK Abschlussarbeit Mathe 19.05 WSK Abschlussarbeit Deutsch 19.05 &#8211; 23.05 Zirkusprojekt mit Zirkusfest f\u00fcr die Familie 29.05 &#8211; 30.05 Himmelsfahrt und Br\u00fcckentag: Unterrichtsfrei 02.06 &#8211; 06.06 Norderney&hellip;&nbsp;<a href=\"https:\/\/schule-sandkruger-strasse.de\/willkommen-2\/506-2\/\" rel=\"bookmark\">Weiterlesen &raquo;<span class=\"screen-reader-text\"><\/span><\/a><\/p>\n","protected":false},"author":2,"featured_media":818,"parent":0,"menu_order":0,"comment_status":"closed","ping_status":"closed","template":"","meta":{"neve_meta_sidebar":"","neve_meta_container":"","neve_meta_enable_content_width":"","neve_meta_content_width":0,"neve_meta_title_alignment":"","neve_meta_author_avatar":"","neve_post_elements_order":"","neve_meta_disable_header":"","neve_meta_disable_footer":"","neve_meta_disable_title":"","_themeisle_gutenberg_block_has_review":false,"footnotes":""},"class_list":["post-506","page","type-page","status-publish","has-post-thumbnail","hentry"],"_links":{"self":[{"href":"https:\/\/schule-sandkruger-strasse.de\/willkommen-2\/wp-json\/wp\/v2\/pages\/506","targetHints":{"allow":["GET"]}}],"collection":[{"href":"https:\/\/schule-sandkruger-strasse.de\/willkommen-2\/wp-json\/wp\/v2\/pages"}],"about":[{"href":"https:\/\/schule-sandkruger-strasse.de\/willkommen-2\/wp-json\/wp\/v2\/types\/page"}],"author":[{"embeddable":true,"href":"https:\/\/schule-sandkruger-strasse.de\/willkommen-2\/wp-json\/wp\/v2\/users\/2"}],"replies":[{"embeddable":true,"href":"https:\/\/schule-sandkruger-strasse.de\/willkommen-2\/wp-json\/wp\/v2\/comments?post=506"}],"version-history":[{"count":24,"href":"https:\/\/schule-sandkruger-strasse.de\/willkommen-2\/wp-json\/wp\/v2\/pages\/506\/revisions"}],"predecessor-version":[{"id":815,"href":"https:\/\/schule-sandkruger-strasse.de\/willkommen-2\/wp-json\/wp\/v2\/pages\/506\/revisions\/815"}],"wp:featuredmedia":[{"embeddable":true,"href":"https:\/\/schule-sandkruger-strasse.de\/willkommen-2\/wp-json\/wp\/v2\/media\/818"}],"wp:attachment":[{"href":"https:\/\/schule-sandkruger-strasse.de\/willkommen-2\/wp-json\/wp\/v2\/media?parent=506"}],"curies":[{"name":"wp","href":"https:\/\/api.w.org\/{rel}","templated":true}]}}